{"id":62,"date":"2019-11-03T16:24:38","date_gmt":"2019-11-03T16:24:38","guid":{"rendered":"https:\/\/lecolporteur.com\/?page_id=62"},"modified":"2020-06-15T19:13:54","modified_gmt":"2020-06-15T17:13:54","slug":"votre-projet","status":"publish","type":"page","link":"https:\/\/lecolporteur.com\/index.php\/votre-projet\/","title":{"rendered":"Votre Projet \/ Notre Mission"},"content":{"rendered":"\t\t<div data-elementor-type=\"wp-page\" data-elementor-id=\"62\" class=\"elementor elementor-62\" data-elementor-settings=\"[]\">\n\t\t\t\t\t\t<div class=\"elementor-inner\">\n\t\t\t\t\t\t\t<div class=\"elementor-section-wrap\">\n\t\t\t\t\t\t\t<section class=\"elementor-section elementor-top-section elementor-element elementor-element-1590a03c elementor-section-boxed elementor-section-height-default elementor-section-height-default\" data-id=\"1590a03c\" data-element_type=\"section\" data-settings=\"{&quot;animation&quot;:&quot;none&quot;}\">\n\t\t\t\t\t\t<div class=\"elementor-container elementor-column-gap-default\">\n\t\t\t\t\t\t\t<div class=\"elementor-row\">\n\t\t\t\t\t<div class=\"elementor-column elementor-col-100 elementor-top-column elementor-element elementor-element-1102eda1 elementor-invisible\" data-id=\"1102eda1\" data-element_type=\"column\" data-settings=\"{&quot;background_background&quot;:&quot;classic&quot;,&quot;animation&quot;:&quot;bounceInUp&quot;}\">\n\t\t\t<div class=\"elementor-column-wrap elementor-element-populated\">\n\t\t\t\t\t\t\t<div class=\"elementor-widget-wrap\">\n\t\t\t\t\t\t<div class=\"elementor-element elementor-element-32a13b1 elementor-view-framed elementor-shape-circle elementor-widget elementor-widget-icon\" data-id=\"32a13b1\" data-element_type=\"widget\" data-widget_type=\"icon.default\">\n\t\t\t\t<div class=\"elementor-widget-container\">\n\t\t\t\t\t<div class=\"elementor-icon-wrapper\">\n\t\t\t<div class=\"elementor-icon elementor-animation-pulse\">\n\t\t\t<i aria-hidden=\"true\" class=\"fas fa-rocket\"><\/i>\t\t\t<\/div>\n\t\t<\/div>\n\t\t\t\t<\/div>\n\t\t\t\t<\/div>\n\t\t\t\t<div class=\"elementor-element elementor-element-76a8506c elementor-invisible elementor-widget elementor-widget-text-editor\" data-id=\"76a8506c\" data-element_type=\"widget\" data-settings=\"{&quot;_animation&quot;:&quot;fadeIn&quot;,&quot;_animation_tablet&quot;:&quot;fadeIn&quot;,&quot;_animation_mobile&quot;:&quot;fadeIn&quot;}\" data-widget_type=\"text-editor.default\">\n\t\t\t\t<div class=\"elementor-widget-container\">\n\t\t\t\t\t<div class=\"elementor-text-editor elementor-clearfix\"><p><!-- wp:paragraph --><\/p>\n<blockquote>\n<p style=\"text-align: left;\"><span style=\"color: #d6d6d6;\"><strong><em>\u00a0\u00bb Si vous ne pouvez expliquer un concept \u00e0 un enfant de six ans, <\/em><\/strong><strong><em>c\u2019est que vous ne le comprenez pas bien vous-m\u00eame.\u00a0\u00bb<br \/><\/em><\/strong><cite>Albert Einstein<\/cite><\/span><\/p>\n<\/blockquote>\n<p style=\"text-align: left;\"><span style=\"color: #d6d6d6;\">Vous devez <strong>pr\u00e9senter votre entreprise<\/strong> ou <strong>un produit<\/strong> ? <strong>Expliquer une id\u00e9e<\/strong> ou un<strong> fonctionnement<\/strong> ? Animer un <strong>spitch<\/strong> ou un <strong>\u00e9v\u00e8nement<\/strong> ?<\/span><\/p>\n<p style=\"text-align: left;\"><span style=\"color: #d6d6d6;\">Chez Le Colporteur, nous mettons notre expertise \u00e0 votre service pour \u00e9laborer<strong> des vid\u00e9os optimis\u00e9es<\/strong> en fonction de vos objectifs. Et l&rsquo;objectif principal, <strong>notre mission<\/strong>, c&rsquo;est que <strong>le message passe bien !<\/strong> Pour cela, votre vid\u00e9o doit \u00eatre compr\u00e9hensible par tous, bien \u00e9crite et sc\u00e9naris\u00e9e, attractive et agr\u00e9able \u00e0 regarder, avoir un rythme et ton adapt\u00e9 au message, et id\u00e9alement assez courte pour capter l&rsquo;attention d&rsquo;un bout \u00e0 l&rsquo;autre.<\/span><\/p>\n<p><!-- \/wp:paragraph --><!-- wp:paragraph --><\/p>\n<p><!-- \/wp:paragraph --><\/p><\/div>\n\t\t\t\t<\/div>\n\t\t\t\t<\/div>\n\t\t\t\t<div class=\"elementor-element elementor-element-f0b281a elementor-align-center elementor-invisible elementor-widget elementor-widget-button\" data-id=\"f0b281a\" data-element_type=\"widget\" data-settings=\"{&quot;_animation&quot;:&quot;rubberBand&quot;}\" data-widget_type=\"button.default\">\n\t\t\t\t<div class=\"elementor-widget-container\">\n\t\t\t\t\t<div class=\"elementor-button-wrapper\">\n\t\t\t<a href=\"https:\/\/lecolporteur.com\/index.php\/contact\/\" target=\"_blank\" class=\"elementor-button-link elementor-button elementor-size-sm\" role=\"button\">\n\t\t\t\t\t\t<span class=\"elementor-button-content-wrapper\">\n\t\t\t\t\t\t<span class=\"elementor-button-text\">Vous avez un projet ?  Posez vos questions ou demandez un devis. <\/span>\n\t\t<\/span>\n\t\t\t\t\t<\/a>\n\t\t<\/div>\n\t\t\t\t<\/div>\n\t\t\t\t<\/div>\n\t\t\t\t<div class=\"elementor-element elementor-element-b30fc80 elementor-widget elementor-widget-spacer\" data-id=\"b30fc80\" data-element_type=\"widget\" data-widget_type=\"spacer.default\">\n\t\t\t\t<div class=\"elementor-widget-container\">\n\t\t\t\t\t<div class=\"elementor-spacer\">\n\t\t\t<div class=\"elementor-spacer-inner\"><\/div>\n\t\t<\/div>\n\t\t\t\t<\/div>\n\t\t\t\t<\/div>\n\t\t\t\t<div class=\"elementor-element elementor-element-c0d09d1 elementor-widget elementor-widget-text-editor\" data-id=\"c0d09d1\" data-element_type=\"widget\" data-widget_type=\"text-editor.default\">\n\t\t\t\t<div class=\"elementor-widget-container\">\n\t\t\t\t\t<div class=\"elementor-text-editor elementor-clearfix\"><p><span style=\"color: #d6d6d6;\"><strong>Chaque projet est diff\u00e9rent, avec ses objectifs et sp\u00e9cificit\u00e9s propres. Mais la m\u00e9thode de conception est toujours la m\u00eame. Voici les 6 \u00e9tapes de r\u00e9alisation d&rsquo;une vid\u00e9o en motion design.<\/strong><\/span><\/p><\/div>\n\t\t\t\t<\/div>\n\t\t\t\t<\/div>\n\t\t\t\t<div class=\"elementor-element elementor-element-21134ff elementor-widget elementor-widget-accordion\" data-id=\"21134ff\" data-element_type=\"widget\" data-widget_type=\"accordion.default\">\n\t\t\t\t<div class=\"elementor-widget-container\">\n\t\t\t\t\t<div class=\"elementor-accordion\" role=\"tablist\">\n\t\t\t\t\t\t\t<div class=\"elementor-accordion-item\">\n\t\t\t\t\t<div id=\"elementor-tab-title-3461\" class=\"elementor-tab-title\" data-tab=\"1\" role=\"tab\" aria-controls=\"elementor-tab-content-3461\">\n\t\t\t\t\t\t\t\t\t\t\t\t\t<span class=\"elementor-accordion-icon elementor-accordion-icon-left\" aria-hidden=\"true\">\n\t\t\t\t\t\t\t\t\t\t\t\t\t\t\t<span class=\"elementor-accordion-icon-closed\"><i class=\"fas fa-plus\"><\/i><\/span>\n\t\t\t\t\t\t\t\t<span class=\"elementor-accordion-icon-opened\"><i class=\"fas fa-minus\"><\/i><\/span>\n\t\t\t\t\t\t\t\t\t\t\t\t\t\t<\/span>\n\t\t\t\t\t\t\t\t\t\t\t\t<a class=\"elementor-accordion-title\" href=\"\">1. BRIEF<\/a>\n\t\t\t\t\t<\/div>\n\t\t\t\t\t<div id=\"elementor-tab-content-3461\" class=\"elementor-tab-content elementor-clearfix\" data-tab=\"1\" role=\"tabpanel\" aria-labelledby=\"elementor-tab-title-3461\"><p style=\"text-align: left;\"><span style=\"color: #d6d6d6;\">C&rsquo;est le <strong>cahier des charges<\/strong> du projet. Il pr\u00e9sente vos id\u00e9es, vos objectifs, vos envies.\u00a0 A ce stade, nous d\u00e9terminons avec vous la faisabilit\u00e9 du projet et sa coh\u00e9rence. Le brief d\u00e9termine, entre autre, les points suivant:<\/span><\/p>\n<ul>\n<li style=\"text-align: left;\"><span style=\"color: #d6d6d6;\">Le message, les informations \u00e0 inclure dans la vid\u00e9o.<\/span><\/li>\n<li style=\"text-align: left;\"><span style=\"color: #d6d6d6;\">Le genre de la vid\u00e9o\u00a0 (informative, explicative, etc&#8230;).\u00a0<\/span><\/li>\n<li style=\"text-align: left;\"><span style=\"color: #d6d6d6;\">Le ou les supports de diffusion (internet, \u00e9cran TV, vid\u00e9o conf\u00e9rence, \u00e9cran cin\u00e9ma, etc&#8230;).<\/span><\/li>\n<li style=\"text-align: left;\"><span style=\"color: #d6d6d6;\">Le public cible.<\/span><\/li>\n<li style=\"text-align: left;\"><span style=\"color: #d6d6d6;\">Le style graphique.<\/span><\/li>\n<li style=\"text-align: left;\"><span style=\"color: #d6d6d6;\">Le ton dans la communication.<\/span><\/li>\n<li style=\"text-align: left;\"><span style=\"color: #d6d6d6;\">Le d\u00e9lai de cr\u00e9ation<\/span>.<\/li>\n<\/ul><\/div>\n\t\t\t\t<\/div>\n\t\t\t\t\t\t\t<div class=\"elementor-accordion-item\">\n\t\t\t\t\t<div id=\"elementor-tab-title-3462\" class=\"elementor-tab-title\" data-tab=\"2\" role=\"tab\" aria-controls=\"elementor-tab-content-3462\">\n\t\t\t\t\t\t\t\t\t\t\t\t\t<span class=\"elementor-accordion-icon elementor-accordion-icon-left\" aria-hidden=\"true\">\n\t\t\t\t\t\t\t\t\t\t\t\t\t\t\t<span class=\"elementor-accordion-icon-closed\"><i class=\"fas fa-plus\"><\/i><\/span>\n\t\t\t\t\t\t\t\t<span class=\"elementor-accordion-icon-opened\"><i class=\"fas fa-minus\"><\/i><\/span>\n\t\t\t\t\t\t\t\t\t\t\t\t\t\t<\/span>\n\t\t\t\t\t\t\t\t\t\t\t\t<a class=\"elementor-accordion-title\" href=\"\">2. SCRIPT & RECHERCHES<\/a>\n\t\t\t\t\t<\/div>\n\t\t\t\t\t<div id=\"elementor-tab-content-3462\" class=\"elementor-tab-content elementor-clearfix\" data-tab=\"2\" role=\"tabpanel\" aria-labelledby=\"elementor-tab-title-3462\"><p><span style=\"color: #d6d6d6;\">Cette phase pr\u00e9cise les contenus \u00e0 ins\u00e9rer dans la vid\u00e9os.<\/span><\/p>\n<ul>\n<li><span style=\"color: #d6d6d6;\">Storytelling. Ecriture de l&rsquo;histoire et du d\u00e9roulement de la vid\u00e9o.<\/span><\/li>\n<li><span style=\"color: #d6d6d6;\">Ecriture des textes \u00e0 ins\u00e9rer ou \u00e0 lire par une voix off.<\/span><\/li>\n<li><span style=\"color: #d6d6d6;\">Choix de la musique.<\/span><\/li>\n<li><span style=\"color: #d6d6d6;\">Liste des \u00e9l\u00e9ments graphiques \u00e0 inclure ou pr\u00e9voir (Logo, ic\u00f4nes, dessins, personnages, etc&#8230;)<\/span><\/li>\n<\/ul><\/div>\n\t\t\t\t<\/div>\n\t\t\t\t\t\t\t<div class=\"elementor-accordion-item\">\n\t\t\t\t\t<div id=\"elementor-tab-title-3463\" class=\"elementor-tab-title\" data-tab=\"3\" role=\"tab\" aria-controls=\"elementor-tab-content-3463\">\n\t\t\t\t\t\t\t\t\t\t\t\t\t<span class=\"elementor-accordion-icon elementor-accordion-icon-left\" aria-hidden=\"true\">\n\t\t\t\t\t\t\t\t\t\t\t\t\t\t\t<span class=\"elementor-accordion-icon-closed\"><i class=\"fas fa-plus\"><\/i><\/span>\n\t\t\t\t\t\t\t\t<span class=\"elementor-accordion-icon-opened\"><i class=\"fas fa-minus\"><\/i><\/span>\n\t\t\t\t\t\t\t\t\t\t\t\t\t\t<\/span>\n\t\t\t\t\t\t\t\t\t\t\t\t<a class=\"elementor-accordion-title\" href=\"\">3. SCENARIO & STORYBOARD<\/a>\n\t\t\t\t\t<\/div>\n\t\t\t\t\t<div id=\"elementor-tab-content-3463\" class=\"elementor-tab-content elementor-clearfix\" data-tab=\"3\" role=\"tabpanel\" aria-labelledby=\"elementor-tab-title-3463\"><p><span style=\"color: #d6d6d6;\">C&rsquo;est la mise en place de l&rsquo;histoire, pour qu&rsquo;elle devienne une animation.<\/span><\/p>\n<ul>\n<li><span style=\"color: #d6d6d6;\">D\u00e9coupage de l&rsquo;histoire en sc\u00e8nes.<\/span><\/li>\n<li><span style=\"color: #d6d6d6;\">Cr\u00e9ation de la narration graphique. On d\u00e9termine comment\u00a0 les \u00e9l\u00e9ments graphiques sont anim\u00e9s (apparitions, disparitions, mouvements, etc..)<\/span><\/li>\n<li><span style=\"color: #d6d6d6;\">Tout le d\u00e9roul\u00e9 de la vid\u00e9o est repr\u00e9sent\u00e9 par des dessins \u00e0 chaque moment cl\u00e9, un peu comme une bande dessin\u00e9e. C&rsquo;est le storyboard.<\/span><\/li>\n<\/ul><\/div>\n\t\t\t\t<\/div>\n\t\t\t\t\t\t\t<div class=\"elementor-accordion-item\">\n\t\t\t\t\t<div id=\"elementor-tab-title-3464\" class=\"elementor-tab-title\" data-tab=\"4\" role=\"tab\" aria-controls=\"elementor-tab-content-3464\">\n\t\t\t\t\t\t\t\t\t\t\t\t\t<span class=\"elementor-accordion-icon elementor-accordion-icon-left\" aria-hidden=\"true\">\n\t\t\t\t\t\t\t\t\t\t\t\t\t\t\t<span class=\"elementor-accordion-icon-closed\"><i class=\"fas fa-plus\"><\/i><\/span>\n\t\t\t\t\t\t\t\t<span class=\"elementor-accordion-icon-opened\"><i class=\"fas fa-minus\"><\/i><\/span>\n\t\t\t\t\t\t\t\t\t\t\t\t\t\t<\/span>\n\t\t\t\t\t\t\t\t\t\t\t\t<a class=\"elementor-accordion-title\" href=\"\">4. GRAPHISME & ANIMATIQUE<\/a>\n\t\t\t\t\t<\/div>\n\t\t\t\t\t<div id=\"elementor-tab-content-3464\" class=\"elementor-tab-content elementor-clearfix\" data-tab=\"4\" role=\"tabpanel\" aria-labelledby=\"elementor-tab-title-3464\"><p><span style=\"color: #d6d6d6;\">Pr\u00e9paration \u00e0 l&rsquo;animation et r\u00e9alisation d&rsquo;une premi\u00e8re version de la vid\u00e9o (sans les mouvements). Cette phase donne un aper\u00e7u pr\u00e9cis sur le d\u00e9roul\u00e9 du film, le style graphique, la somme d&rsquo;information, la dur\u00e9e, la pose des voix et de la musique.<\/span><\/p>\n<ul>\n<li><span style=\"color: #d6d6d6;\">Mise au point du style graphique.<\/span><\/li>\n<li><span style=\"color: #d6d6d6;\">R\u00e9alisation des \u00e9l\u00e9ments graphiques (Dessins, personnages, etc&#8230;).\u00a0<\/span><\/li>\n<li><span style=\"color: #d6d6d6;\">Mise bout-\u00e0-bout des \u00e9l\u00e9ments.<\/span><\/li>\n<\/ul><\/div>\n\t\t\t\t<\/div>\n\t\t\t\t\t\t\t<div class=\"elementor-accordion-item\">\n\t\t\t\t\t<div id=\"elementor-tab-title-3465\" class=\"elementor-tab-title\" data-tab=\"5\" role=\"tab\" aria-controls=\"elementor-tab-content-3465\">\n\t\t\t\t\t\t\t\t\t\t\t\t\t<span class=\"elementor-accordion-icon elementor-accordion-icon-left\" aria-hidden=\"true\">\n\t\t\t\t\t\t\t\t\t\t\t\t\t\t\t<span class=\"elementor-accordion-icon-closed\"><i class=\"fas fa-plus\"><\/i><\/span>\n\t\t\t\t\t\t\t\t<span class=\"elementor-accordion-icon-opened\"><i class=\"fas fa-minus\"><\/i><\/span>\n\t\t\t\t\t\t\t\t\t\t\t\t\t\t<\/span>\n\t\t\t\t\t\t\t\t\t\t\t\t<a class=\"elementor-accordion-title\" href=\"\">5. ANIMATION<\/a>\n\t\t\t\t\t<\/div>\n\t\t\t\t\t<div id=\"elementor-tab-content-3465\" class=\"elementor-tab-content elementor-clearfix\" data-tab=\"5\" role=\"tabpanel\" aria-labelledby=\"elementor-tab-title-3465\"><p><span style=\"color: #d6d6d6;\">Mise en mouvement de tous les \u00e9l\u00e9ments.<\/span><\/p>\n<ul>\n<li><span style=\"color: #d6d6d6;\">R\u00e9alisation des sc\u00e8nes.<\/span><\/li>\n<li><span style=\"color: #d6d6d6;\">Animation des \u00e9l\u00e9ments graphiques, des personnages.<\/span><\/li>\n<li><span style=\"color: #d6d6d6;\">Encha\u00eenement graphiques, effets.<\/span><\/li>\n<li><span style=\"color: #d6d6d6;\">Mise au point du timing.<\/span><\/li>\n<\/ul><\/div>\n\t\t\t\t<\/div>\n\t\t\t\t\t\t\t<div class=\"elementor-accordion-item\">\n\t\t\t\t\t<div id=\"elementor-tab-title-3466\" class=\"elementor-tab-title\" data-tab=\"6\" role=\"tab\" aria-controls=\"elementor-tab-content-3466\">\n\t\t\t\t\t\t\t\t\t\t\t\t\t<span class=\"elementor-accordion-icon elementor-accordion-icon-left\" aria-hidden=\"true\">\n\t\t\t\t\t\t\t\t\t\t\t\t\t\t\t<span class=\"elementor-accordion-icon-closed\"><i class=\"fas fa-plus\"><\/i><\/span>\n\t\t\t\t\t\t\t\t<span class=\"elementor-accordion-icon-opened\"><i class=\"fas fa-minus\"><\/i><\/span>\n\t\t\t\t\t\t\t\t\t\t\t\t\t\t<\/span>\n\t\t\t\t\t\t\t\t\t\t\t\t<a class=\"elementor-accordion-title\" href=\"\">6. MONTAGE & RENDU<\/a>\n\t\t\t\t\t<\/div>\n\t\t\t\t\t<div id=\"elementor-tab-content-3466\" class=\"elementor-tab-content elementor-clearfix\" data-tab=\"6\" role=\"tabpanel\" aria-labelledby=\"elementor-tab-title-3466\"><p><span style=\"color: #d6d6d6;\">Finalisation de la vid\u00e9o.<\/span><\/p>\n<ul>\n<li><span style=\"color: #d6d6d6;\">Montage et transition des sc\u00e8nes.<\/span><\/li>\n<li><span style=\"color: #d6d6d6;\">Insertion de la musique et des effets sonores.<\/span><\/li>\n<li><span style=\"color: #d6d6d6;\">Insertion de la voix off.<\/span><\/li>\n<li><span style=\"color: #d6d6d6;\">Effets de rendu.<\/span><\/li>\n<li><span style=\"color: #d6d6d6;\">Exportation du\/des fichiers au formats souhait\u00e9s.<\/span><\/li>\n<\/ul><\/div>\n\t\t\t\t<\/div>\n\t\t\t\t\t<\/div>\n\t\t\t\t<\/div>\n\t\t\t\t<\/div>\n\t\t\t\t\t\t<\/div>\n\t\t\t\t\t<\/div>\n\t\t<\/div>\n\t\t\t\t\t\t\t\t<\/div>\n\t\t\t\t\t<\/div>\n\t\t<\/section>\n\t\t\t\t\t\t<\/div>\n\t\t\t\t\t\t<\/div>\n\t\t\t\t\t<\/div>\n\t\t","protected":false},"excerpt":{"rendered":"<p>\u00a0\u00bb Si vous ne pouvez expliquer un concept \u00e0 un enfant de six ans, c\u2019est que vous ne le comprenez pas bien vous-m\u00eame.\u00a0\u00bbAlbert Einstein Vous devez pr\u00e9senter votre entreprise ou un produit ? Expliquer une id\u00e9e ou un fonctionnement ? Animer un spitch ou un \u00e9v\u00e8nement ? Chez Le Colporteur, nous mettons notre expertise \u00e0<br \/><a class=\"moretag\" href=\"https:\/\/lecolporteur.com\/index.php\/votre-projet\/\">+ Read More<\/a><\/p>\n","protected":false},"author":1,"featured_media":0,"parent":0,"menu_order":2,"comment_status":"closed","ping_status":"closed","template":"","meta":{"footnotes":""},"_links":{"self":[{"href":"https:\/\/lecolporteur.com\/index.php\/wp-json\/wp\/v2\/pages\/62"}],"collection":[{"href":"https:\/\/lecolporteur.com\/index.php\/wp-json\/wp\/v2\/pages"}],"about":[{"href":"https:\/\/lecolporteur.com\/index.php\/wp-json\/wp\/v2\/types\/page"}],"author":[{"embeddable":true,"href":"https:\/\/lecolporteur.com\/index.php\/wp-json\/wp\/v2\/users\/1"}],"replies":[{"embeddable":true,"href":"https:\/\/lecolporteur.com\/index.php\/wp-json\/wp\/v2\/comments?post=62"}],"version-history":[{"count":63,"href":"https:\/\/lecolporteur.com\/index.php\/wp-json\/wp\/v2\/pages\/62\/revisions"}],"predecessor-version":[{"id":498,"href":"https:\/\/lecolporteur.com\/index.php\/wp-json\/wp\/v2\/pages\/62\/revisions\/498"}],"wp:attachment":[{"href":"https:\/\/lecolporteur.com\/index.php\/wp-json\/wp\/v2\/media?parent=62"}],"curies":[{"name":"wp","href":"https:\/\/api.w.org\/{rel}","templated":true}]}}